{"id":34823,"date":"2021-02-05T20:46:31","date_gmt":"2021-02-05T19:46:31","guid":{"rendered":"https:\/\/calvinus.ch\/contact\/"},"modified":"2021-10-14T18:45:02","modified_gmt":"2021-10-14T16:45:02","slug":"contact","status":"publish","type":"page","link":"https:\/\/calvinus.ch\/en\/contact\/","title":{"rendered":"CONTACT"},"content":{"rendered":"<p>[et_pb_section fb_built=&#8221;1&#8243; inner_shadow=&#8221;on&#8221; disabled_on=&#8221;off|off|off&#8221; _builder_version=&#8221;4.9.0&#8243; _module_preset=&#8221;default&#8221; background_enable_color=&#8221;off&#8221; use_background_color_gradient=&#8221;on&#8221; background_color_gradient_start=&#8221;rgba(0,0,0,0.42)&#8221; background_color_gradient_end=&#8221;rgba(0,0,0,0.5)&#8221; background_color_gradient_direction=&#8221;0deg&#8221; background_color_gradient_start_position=&#8221;20%&#8221; background_color_gradient_end_position=&#8221;40%&#8221; background_color_gradient_overlays_image=&#8221;on&#8221; background_image=&#8221;https:\/\/calvinus.ch\/wp-content\/uploads\/2021\/01\/EnsembleBiereCalvinusBas.png&#8221; background_position=&#8221;bottom_center&#8221; background_enable_video_mp4=&#8221;off&#8221; allow_player_pause=&#8221;on&#8221; height=&#8221;450px&#8221; height_tablet=&#8221;300px&#8221; height_phone=&#8221;200px&#8221; height_last_edited=&#8221;on|phone&#8221; background_last_edited=&#8221;on|desktop&#8221; use_background_color_gradient_phone=&#8221;on&#8221; background_color_gradient_start_phone=&#8221;rgba(0,0,0,0.42)&#8221; background_color_gradient_end_phone=&#8221;rgba(0,0,0,0.5)&#8221; background_color_gradient_start_position_phone=&#8221;20%&#8221; background_color_gradient_end_position_phone=&#8221;40%&#8221; background_color_gradient_overlays_image_phone=&#8221;on&#8221; background_size_tablet=&#8221;initial&#8221; background_size_phone=&#8221;initial&#8221; background_position_phone=&#8221;bottom_center&#8221; allow_player_pause_phone=&#8221;on&#8221; locked=&#8221;off&#8221; background_color_gradient_start_phone_preview_phone=&#8221;rgba(0,0,0,0.8)&#8221;][et_pb_row _builder_version=&#8221;4.9.0&#8243; _module_preset=&#8221;default&#8221; custom_margin=&#8221;110px||||false|false&#8221; custom_margin_tablet=&#8221;40px||||false|false&#8221; custom_margin_phone=&#8221;0px||||false|false&#8221; custom_margin_last_edited=&#8221;on|phone&#8221; animation_style=&#8221;fade&#8221;][et_pb_column type=&#8221;4_4&#8243; _builder_version=&#8221;4.6.6&#8243; _module_preset=&#8221;default&#8221;][et_pb_text _builder_version=&#8221;4.9.0&#8243; _module_preset=&#8221;default&#8221; text_font=&#8221;CaslonLTStdAntique||||||||&#8221; text_text_color=&#8221;#ffffff&#8221; text_font_size=&#8221;50px&#8221; header_font=&#8221;caslonltstdantiqueCL|300||on|||||&#8221; header_text_align=&#8221;center&#8221; header_text_color=&#8221;#ffffff&#8221; header_font_size=&#8221;70px&#8221; custom_margin_tablet=&#8221;&#8221; custom_margin_phone=&#8221;&#8221; custom_margin_last_edited=&#8221;on|desktop&#8221; custom_padding_tablet=&#8221;&#8221; custom_padding_phone=&#8221;&#8221; custom_padding_last_edited=&#8221;on|phone&#8221; header_font_size_tablet=&#8221;50px&#8221; header_font_size_phone=&#8221;8vw&#8221; header_font_size_last_edited=&#8221;on|desktop&#8221;]<\/p>\n<h1 style=\"text-align: center;\">Contact us<\/h1>\n<p>[\/et_pb_text][\/et_pb_column][\/et_pb_row][\/et_pb_section][et_pb_section fb_built=&#8221;1&#8243; custom_padding_last_edited=&#8221;on|phone&#8221; admin_label=&#8221;section&#8221; _builder_version=&#8221;4.9.0&#8243; custom_margin_tablet=&#8221;&#8221; custom_margin_phone=&#8221;||0px||false|false&#8221; custom_margin_last_edited=&#8221;on|phone&#8221; custom_padding=&#8221;50px||||false|false&#8221; custom_padding_tablet=&#8221;40px||||false|false&#8221; custom_padding_phone=&#8221;30px||0px||false|false&#8221; transparent_background=&#8221;off&#8221; make_fullwidth=&#8221;off&#8221; use_custom_width=&#8221;off&#8221; width_unit=&#8221;off&#8221; custom_width_px=&#8221;1080px&#8221; custom_width_percent=&#8221;80%&#8221;][et_pb_row column_structure=&#8221;1_3,1_3,1_3&#8243; use_custom_gutter=&#8221;on&#8221; _builder_version=&#8221;4.8.0&#8243; _module_preset=&#8221;default&#8221; module_alignment=&#8221;center&#8221; custom_margin=&#8221;||||false|false&#8221; custom_margin_tablet=&#8221;||||false|false&#8221; custom_margin_phone=&#8221;||||false|false&#8221; custom_margin_last_edited=&#8221;on|phone&#8221; custom_padding=&#8221;||||false|false&#8221; module_alignment_tablet=&#8221;center&#8221; module_alignment_phone=&#8221;center&#8221; module_alignment_last_edited=&#8221;on|tablet&#8221; locked=&#8221;off&#8221;][et_pb_column type=&#8221;1_3&#8243; _builder_version=&#8221;4.8.0&#8243; _module_preset=&#8221;default&#8221;][et_pb_blurb title=&#8221;CONTACT&#8221; use_icon=&#8221;on&#8221; font_icon=&#8221;%%264%%&#8221; icon_placement=&#8221;left&#8221; _builder_version=&#8221;4.9.0&#8243; _module_preset=&#8221;default&#8221; header_font=&#8221;zapfchanceryromanCL||||||||&#8221; header_font_size=&#8221;20px&#8221; body_font=&#8221;centurystdlightCL||||||||&#8221; body_font_size=&#8221;18px&#8221; body_line_height=&#8221;0.8em&#8221; custom_padding_tablet=&#8221;&#8221; custom_padding_phone=&#8221;&#8221; custom_padding_last_edited=&#8221;on|tablet&#8221; header_font_size_phone=&#8221;20px&#8221; header_font_size_last_edited=&#8221;off|tablet&#8221; text_orientation_tablet=&#8221;left&#8221; text_orientation_phone=&#8221;&#8221; text_orientation_last_edited=&#8221;on|phone&#8221;]<\/p>\n<p><a title=\"Call\" href=\"tel:0041227942336\">Phone: +41 (0)22 794 23 36<\/a><\/p>\n<p><span style=\"color: #000000;\">Fax: +41 (0)22 794 22 45<\/span><\/p>\n<p><a title=\"E-mail\" href=\"mailto:info@calvinus.ch\">E-mail: info@calvinus.ch<\/a><\/p>\n<p>[\/et_pb_blurb][\/et_pb_column][et_pb_column type=&#8221;1_3&#8243; _builder_version=&#8221;4.6.6&#8243; _module_preset=&#8221;default&#8221; custom_padding_tablet=&#8221;30px||||false|false&#8221; custom_padding_phone=&#8221;||||false|false&#8221; custom_padding_last_edited=&#8221;on|tablet&#8221;][et_pb_blurb title=&#8221;ADDRESS&#8221; use_icon=&#8221;on&#8221; font_icon=&#8221;%%122%%&#8221; icon_placement=&#8221;left&#8221; _builder_version=&#8221;4.9.0&#8243; _module_preset=&#8221;default&#8221; header_font=&#8221;zapfchanceryromanCL||||||||&#8221; header_font_size=&#8221;20px&#8221; header_letter_spacing=&#8221;1px&#8221; body_font=&#8221;centurystdlightCL||||||||&#8221; body_font_size=&#8221;18px&#8221; body_line_height=&#8221;0.6em&#8221; custom_margin_tablet=&#8221;-10px||||false|false&#8221; custom_margin_phone=&#8221;-30px||||false|false&#8221; custom_margin_last_edited=&#8221;on|phone&#8221; custom_padding_tablet=&#8221;&#8221; custom_padding_phone=&#8221;0px||||false|false&#8221; custom_padding_last_edited=&#8221;on|tablet&#8221; header_font_size_phone=&#8221;22px&#8221; header_font_size_last_edited=&#8221;off|desktop&#8221; body_font_size_phone=&#8221;18px&#8221; body_font_size_last_edited=&#8221;off|desktop&#8221;]<\/p>\n<p><span style=\"color: #000000;\">Administration<\/span><\/p>\n<p><span style=\"color: #000000;\">Bi\u00e8res Calvinus<\/span><\/p>\n<p><span style=\"color: #000000;\">Les Fr\u00e8res Papinot S\u00e0rl<\/span><\/p>\n<p><span style=\"color: #000000;\">Route des Jeunes 51<\/span><\/p>\n<p><span style=\"color: #000000;\">1227 Carouge<\/span><\/p>\n<p><span style=\"color: #000000;\">Switzerland<\/span><\/p>\n<p>[\/et_pb_blurb][\/et_pb_column][et_pb_column type=&#8221;1_3&#8243; _builder_version=&#8221;4.6.6&#8243; _module_preset=&#8221;default&#8221;][et_pb_blurb title=&#8221;OPENING HOURS&#8221; image=&#8221;https:\/\/calvinus.ch\/wp-content\/uploads\/2020\/11\/heure-300&#215;300.png&#8221; icon_placement=&#8221;left&#8221; _builder_version=&#8221;4.9.0&#8243; _module_preset=&#8221;default&#8221; header_font=&#8221;zapfchanceryromanCL||||||||&#8221; header_font_size=&#8221;20px&#8221; header_letter_spacing=&#8221;1px&#8221; body_font=&#8221;centurystdlightCL||||||||&#8221; body_font_size=&#8221;18px&#8221; body_line_height=&#8221;1em&#8221; custom_margin_tablet=&#8221;||||false|false&#8221; custom_margin_phone=&#8221;||||false|false&#8221; custom_margin_last_edited=&#8221;on|phone&#8221; header_font_size_phone=&#8221;22px&#8221; header_font_size_last_edited=&#8221;off|desktop&#8221; body_font_size_phone=&#8221;18px&#8221; body_font_size_last_edited=&#8221;off|desktop&#8221; body_line_height_tablet=&#8221;&#8221; body_line_height_phone=&#8221;1em&#8221; body_line_height_last_edited=&#8221;on|desktop&#8221;]<\/p>\n<p><span style=\"color: #000000;\">Monday-Friday: 9 a.m. &#8211; 6 p.m.<\/span><\/p>\n<p>[\/et_pb_blurb][\/et_pb_column][\/et_pb_row][\/et_pb_section][et_pb_section fb_built=&#8221;1&#8243; custom_padding_last_edited=&#8221;on|phone&#8221; disabled_on=&#8221;off|off|off&#8221; _builder_version=&#8221;4.9.0&#8243; _module_preset=&#8221;default&#8221; use_background_color_gradient=&#8221;on&#8221; background_color_gradient_start=&#8221;rgba(255,255,255,0.4)&#8221; background_color_gradient_end=&#8221;rgba(255,255,255,0.4)&#8221; background_color_gradient_overlays_image=&#8221;on&#8221; background_image=&#8221;https:\/\/calvinus.ch\/wp-content\/uploads\/2020\/10\/CLVS_TETE-883&#215;1024.png&#8221; background_size=&#8221;contain&#8221; background_position=&#8221;bottom_left&#8221; custom_margin=&#8221;0px||||false|false&#8221; custom_margin_tablet=&#8221;&#8221; custom_margin_phone=&#8221;0px||||false|false&#8221; custom_margin_last_edited=&#8221;on|tablet&#8221; custom_padding=&#8221;0px||100px||false|false&#8221; custom_padding_tablet=&#8221;0px||30px||false|false&#8221; custom_padding_phone=&#8221;0px||30px||false|false&#8221; background_last_edited=&#8221;on|phone&#8221; background_size_tablet=&#8221;contain&#8221; background_size_phone=&#8221;contain&#8221; background_position_tablet=&#8221;bottom_center&#8221; locked=&#8221;off&#8221;][et_pb_row column_structure=&#8221;1_4,3_4&#8243; custom_padding_last_edited=&#8221;on|desktop&#8221; _builder_version=&#8221;4.9.0&#8243; _module_preset=&#8221;default&#8221; custom_margin=&#8221;0px||||false|false&#8221; custom_margin_tablet=&#8221;-50px||||false|false&#8221; custom_margin_phone=&#8221;-50px||||false|false&#8221; custom_margin_last_edited=&#8221;on|phone&#8221; custom_padding=&#8221;0px||||false|false&#8221; custom_padding_tablet=&#8221;&#8221; custom_padding_phone=&#8221;&#8221;][et_pb_column type=&#8221;1_4&#8243; _builder_version=&#8221;4.6.6&#8243; _module_preset=&#8221;default&#8221;][et_pb_text _builder_version=&#8221;4.6.6&#8243; _module_preset=&#8221;default&#8221; text_font=&#8221;CenturyStdLight||||||||&#8221; text_text_color=&#8221;#000000&#8243; text_font_size=&#8221;18px&#8221;]<\/p>\n<p style=\"text-align: justify;\">\u00a0<\/p>\n<p>&nbsp;<\/p>\n<p>[\/et_pb_text][\/et_pb_column][et_pb_column type=&#8221;3_4&#8243; _builder_version=&#8221;4.6.6&#8243; _module_preset=&#8221;default&#8221;][et_pb_text _builder_version=&#8221;4.9.0&#8243; _module_preset=&#8221;default&#8221; text_font=&#8221;centurystdlightCL||||||||&#8221; text_text_color=&#8221;#000000&#8243; text_font_size=&#8221;18px&#8221; text_letter_spacing=&#8221;1px&#8221; width=&#8221;80%&#8221; width_tablet=&#8221;88%&#8221; width_phone=&#8221;90%&#8221; width_last_edited=&#8221;on|phone&#8221; module_alignment=&#8221;center&#8221; custom_margin=&#8221;||||false|false&#8221; custom_margin_tablet=&#8221;&#8221; custom_margin_phone=&#8221;&#8221; custom_margin_last_edited=&#8221;on|phone&#8221; custom_padding=&#8221;||5px||false|false&#8221; custom_padding_tablet=&#8221;&#8221; custom_padding_phone=&#8221;&#8221; custom_padding_last_edited=&#8221;on|phone&#8221; text_font_size_tablet=&#8221;20px&#8221; text_font_size_phone=&#8221;18px&#8221; text_font_size_last_edited=&#8221;off|desktop&#8221;]<\/p>\n<p style=\"text-align: center;\">Do not hesitate to write to us using this contact form or to reach us directly by phone. We will be happy to answer you!<\/p>\n<p>[\/et_pb_text][et_pb_contact_form email=&#8221;info@calvinus.ch&#8221; submit_button_text=&#8221;Send&#8221; submit_button_text_tablet=&#8221;Send&#8221; submit_button_text_phone=&#8221;Send&#8221; submit_button_text_last_edited=&#8221;off|phone&#8221; _builder_version=&#8221;4.9.6&#8243; _module_preset=&#8221;default&#8221; form_field_background_color=&#8221;rgba(255,255,255,0.8)&#8221; form_field_text_color=&#8221;#000000&#8243; title_font=&#8221;CenturyStdLight||||||||&#8221; form_field_font=&#8221;centurystdlightCL||||||||&#8221; form_field_font_size=&#8221;16px&#8221; custom_button=&#8221;on&#8221; button_text_size=&#8221;18px&#8221; button_text_color=&#8221;#FFFFFF&#8221; button_bg_color=&#8221;#000000&#8243; button_border_width=&#8221;0px&#8221; button_border_color=&#8221;#000000&#8243; button_border_radius=&#8221;5px&#8221; button_letter_spacing=&#8221;0px&#8221; button_font=&#8221;centurystdlightCL|600|||||||&#8221; button_use_icon=&#8221;off&#8221; button_custom_margin=&#8221;8px||||false|false&#8221; button_custom_margin_tablet=&#8221;8px||||false|false&#8221; button_custom_margin_phone=&#8221;8px||||false|false&#8221; button_custom_margin_last_edited=&#8221;on|desktop&#8221; custom_padding=&#8221;||||false|false&#8221; hover_enabled=&#8221;0&#8243; form_field_background_color_last_edited=&#8221;off|desktop&#8221; button_text_color_tablet=&#8221;#FFFFFF&#8221; button_text_color_phone=&#8221;#FFFFFF&#8221; button_text_color_last_edited=&#8221;on|tablet&#8221; button_bg_color_tablet=&#8221;#000000&#8243; button_bg_color_phone=&#8221;#000000&#8243; button_bg_color_last_edited=&#8221;on|desktop&#8221; button_bg_enable_color_tablet=&#8221;on&#8221; button_bg_enable_color_phone=&#8221;on&#8221; button_border_width_tablet=&#8221;0px&#8221; button_border_width_phone=&#8221;0px&#8221; button_border_width_last_edited=&#8221;on|tablet&#8221; button_border_color_tablet=&#8221;#000000&#8243; button_border_color_phone=&#8221;#000000&#8243; button_border_color_last_edited=&#8221;off|desktop&#8221; button_letter_spacing_last_edited=&#8221;off|desktop&#8221; border_width_all=&#8221;1px&#8221; border_color_all=&#8221;rgba(0,0,0,0.5)&#8221; button_bg_color__hover_enabled=&#8221;on|hover&#8221; button_bg_color__hover=&#8221;rgba(0,0,0,0.65)&#8221; button_bg_enable_color__hover=&#8221;on&#8221; button_text_color__hover_enabled=&#8221;on|desktop&#8221; button_text_color__hover=&#8221;#ffffff&#8221; button_border_color__hover_enabled=&#8221;on|desktop&#8221; button_border_color__hover=&#8221;rgba(0,0,0,0)&#8221; use_spam_service=&#8221;on&#8221; recaptcha_list=&#8221;https:\/\/calvinusch\/|https:\/\/calvinusch\/-0&#8243; sticky_enabled=&#8221;0&#8243;][et_pb_contact_field field_id=&#8221;Name&#8221; field_title=&#8221;Name&#8221; allowed_symbols=&#8221;letters&#8221; _builder_version=&#8221;4.6.6&#8243; width_tablet=&#8221;&#8221; width_phone=&#8221;&#8221; width_last_edited=&#8221;on|desktop&#8221; button_text_size__hover_enabled=&#8221;off&#8221; button_one_text_size__hover_enabled=&#8221;off&#8221; button_two_text_size__hover_enabled=&#8221;off&#8221; button_text_color__hover_enabled=&#8221;off&#8221; button_one_text_color__hover_enabled=&#8221;off&#8221; button_two_text_color__hover_enabled=&#8221;off&#8221; button_border_width__hover_enabled=&#8221;off&#8221; button_one_border_width__hover_enabled=&#8221;off&#8221; button_two_border_width__hover_enabled=&#8221;off&#8221; button_border_color__hover_enabled=&#8221;off&#8221; button_one_border_color__hover_enabled=&#8221;off&#8221; button_two_border_color__hover_enabled=&#8221;off&#8221; button_border_radius__hover_enabled=&#8221;off&#8221; button_one_border_radius__hover_enabled=&#8221;off&#8221; button_two_border_radius__hover_enabled=&#8221;off&#8221; button_letter_spacing__hover_enabled=&#8221;off&#8221; button_one_letter_spacing__hover_enabled=&#8221;off&#8221; button_two_letter_spacing__hover_enabled=&#8221;off&#8221; button_bg_color__hover_enabled=&#8221;off&#8221; button_one_bg_color__hover_enabled=&#8221;off&#8221; button_two_bg_color__hover_enabled=&#8221;off&#8221;][\/et_pb_contact_field][et_pb_contact_field field_id=&#8221;Email&#8221; field_title=&#8221;E-mail adress&#8221; field_type=&#8221;email&#8221; _builder_version=&#8221;4.6.6&#8243; button_text_size__hover_enabled=&#8221;off&#8221; button_one_text_size__hover_enabled=&#8221;off&#8221; button_two_text_size__hover_enabled=&#8221;off&#8221; button_text_color__hover_enabled=&#8221;off&#8221; button_one_text_color__hover_enabled=&#8221;off&#8221; button_two_text_color__hover_enabled=&#8221;off&#8221; button_border_width__hover_enabled=&#8221;off&#8221; button_one_border_width__hover_enabled=&#8221;off&#8221; button_two_border_width__hover_enabled=&#8221;off&#8221; button_border_color__hover_enabled=&#8221;off&#8221; button_one_border_color__hover_enabled=&#8221;off&#8221; button_two_border_color__hover_enabled=&#8221;off&#8221; button_border_radius__hover_enabled=&#8221;off&#8221; button_one_border_radius__hover_enabled=&#8221;off&#8221; button_two_border_radius__hover_enabled=&#8221;off&#8221; button_letter_spacing__hover_enabled=&#8221;off&#8221; button_one_letter_spacing__hover_enabled=&#8221;off&#8221; button_two_letter_spacing__hover_enabled=&#8221;off&#8221; button_bg_color__hover_enabled=&#8221;off&#8221; button_one_bg_color__hover_enabled=&#8221;off&#8221; button_two_bg_color__hover_enabled=&#8221;off&#8221;][\/et_pb_contact_field][et_pb_contact_field field_id=&#8221;T\u00e9l\u00e9phone&#8221; field_title=&#8221;Phone&#8221; allowed_symbols=&#8221;numbers&#8221; fullwidth_field=&#8221;on&#8221; _builder_version=&#8221;4.6.6&#8243; _module_preset=&#8221;default&#8221;][\/et_pb_contact_field][et_pb_contact_field field_id=&#8221;Message&#8221; field_title=&#8221;Message&#8221; field_type=&#8221;text&#8221; fullwidth_field=&#8221;on&#8221; _builder_version=&#8221;4.6.6&#8243; button_text_size__hover_enabled=&#8221;off&#8221; button_one_text_size__hover_enabled=&#8221;off&#8221; button_two_text_size__hover_enabled=&#8221;off&#8221; button_text_color__hover_enabled=&#8221;off&#8221; button_one_text_color__hover_enabled=&#8221;off&#8221; button_two_text_color__hover_enabled=&#8221;off&#8221; button_border_width__hover_enabled=&#8221;off&#8221; button_one_border_width__hover_enabled=&#8221;off&#8221; button_two_border_width__hover_enabled=&#8221;off&#8221; button_border_color__hover_enabled=&#8221;off&#8221; button_one_border_color__hover_enabled=&#8221;off&#8221; button_two_border_color__hover_enabled=&#8221;off&#8221; button_border_radius__hover_enabled=&#8221;off&#8221; button_one_border_radius__hover_enabled=&#8221;off&#8221; button_two_border_radius__hover_enabled=&#8221;off&#8221; button_letter_spacing__hover_enabled=&#8221;off&#8221; button_one_letter_spacing__hover_enabled=&#8221;off&#8221; button_two_letter_spacing__hover_enabled=&#8221;off&#8221; button_bg_color__hover_enabled=&#8221;off&#8221; button_one_bg_color__hover_enabled=&#8221;off&#8221; button_two_bg_color__hover_enabled=&#8221;off&#8221;][\/et_pb_contact_field][\/et_pb_contact_form][\/et_pb_column][\/et_pb_row][\/et_pb_section][et_pb_section fb_built=&#8221;1&#8243; fullwidth=&#8221;on&#8221; disabled_on=&#8221;on|on|on&#8221; admin_label=&#8221;section&#8221; _builder_version=&#8221;4.8.0&#8243; custom_padding=&#8221;0px|0px|0px|0px&#8221; transparent_background=&#8221;off&#8221; make_fullwidth=&#8221;off&#8221; use_custom_width=&#8221;off&#8221; width_unit=&#8221;off&#8221; custom_width_px=&#8221;1080px&#8221; custom_width_percent=&#8221;80%&#8221; disabled=&#8221;on&#8221;][et_pb_fullwidth_map zoom_level=&#8221;15&#8243; address_lat=&#8221;52.370926430619&#8243; address_lng=&#8221;4.8936470874885&#8243; mouse_wheel=&#8221;off&#8221; admin_label=&#8221;Fullwidth Map&#8221; _builder_version=&#8221;3.0.91&#8243;][et_pb_map_pin pin_address=&#8221;Amsterdam, Pays-Bas&#8221; pin_address_lat=&#8221;52.3702157&#8243; pin_address_lng=&#8221;4.8951678999999&#8243; _builder_version=&#8221;3.0.47&#8243;]<\/p>\n<p><img loading=\"lazy\" class=\"wp-image-184 alignnone size-medium\" src=\"..\/wp-content\/uploads\/2017\/02\/vexiwdcy1gw-jace-grandinetti-300x216.jpg\" alt=\"\" width=\"188\" height=\"135\" \/><\/p>\n<p>Gassan Dam Square, Rokin 1-5, 1012 KK Amsterdam, Netherlands<\/p>\n<p>[\/et_pb_map_pin][\/et_pb_fullwidth_map][\/et_pb_section]<\/p>\n","protected":false},"excerpt":{"rendered":"<p>Contact usPhone: +41 (0)22 794 23 36 Fax: +41 (0)22 794 22 45 E-mail: info@calvinus.chAdministration Bi\u00e8res Calvinus Les Fr\u00e8res Papinot S\u00e0rl Route des Jeunes 51 1227 Carouge SwitzerlandMonday-Friday: 9 a.m. &#8211; 6 p.m.\u00a0 &nbsp;Do not hesitate to write to us using this contact form or to reach us directly by phone. We will be happy [&hellip;]<\/p>\n","protected":false},"author":1,"featured_media":0,"parent":0,"menu_order":0,"comment_status":"closed","ping_status":"closed","template":"","meta":{"_et_pb_use_builder":"on","_et_pb_old_content":"","_et_gb_content_width":"","spay_email":""},"dipi_cpt_category":[],"_links":{"self":[{"href":"https:\/\/calvinus.ch\/en\/wp-json\/wp\/v2\/pages\/34823"}],"collection":[{"href":"https:\/\/calvinus.ch\/en\/wp-json\/wp\/v2\/pages"}],"about":[{"href":"https:\/\/calvinus.ch\/en\/wp-json\/wp\/v2\/types\/page"}],"author":[{"embeddable":true,"href":"https:\/\/calvinus.ch\/en\/wp-json\/wp\/v2\/users\/1"}],"replies":[{"embeddable":true,"href":"https:\/\/calvinus.ch\/en\/wp-json\/wp\/v2\/comments?post=34823"}],"version-history":[{"count":7,"href":"https:\/\/calvinus.ch\/en\/wp-json\/wp\/v2\/pages\/34823\/revisions"}],"predecessor-version":[{"id":35743,"href":"https:\/\/calvinus.ch\/en\/wp-json\/wp\/v2\/pages\/34823\/revisions\/35743"}],"wp:attachment":[{"href":"https:\/\/calvinus.ch\/en\/wp-json\/wp\/v2\/media?parent=34823"}],"wp:term":[{"taxonomy":"dipi_cpt_category","embeddable":true,"href":"https:\/\/calvinus.ch\/en\/wp-json\/wp\/v2\/dipi_cpt_category?post=34823"}],"curies":[{"name":"wp","href":"https:\/\/api.w.org\/{rel}","templated":true}]}}