{"id":34826,"date":"2021-02-05T20:52:31","date_gmt":"2021-02-05T19:52:31","guid":{"rendered":"https:\/\/calvinus.ch\/history\/"},"modified":"2021-10-14T18:45:57","modified_gmt":"2021-10-14T16:45:57","slug":"history","status":"publish","type":"page","link":"https:\/\/calvinus.ch\/en\/history\/","title":{"rendered":"HISTORY"},"content":{"rendered":"<p>[et_pb_section fb_built=&#8221;1&#8243; inner_shadow=&#8221;on&#8221; _builder_version=&#8221;4.9.0&#8243; _module_preset=&#8221;default&#8221; background_enable_color=&#8221;off&#8221; use_background_color_gradient=&#8221;on&#8221; background_color_gradient_start=&#8221;rgba(255,255,255,0)&#8221; background_color_gradient_end=&#8221;rgba(255,255,255,0.08)&#8221; background_color_gradient_direction=&#8221;0deg&#8221; background_color_gradient_end_position=&#8221;17%&#8221; background_color_gradient_overlays_image=&#8221;on&#8221; background_image=&#8221;https:\/\/calvinus.ch\/wp-content\/uploads\/2020\/10\/Calvinus-Biere-Geneve-Suisse-Calvin.jpg&#8221; background_position=&#8221;top_left&#8221; background_enable_video_mp4=&#8221;off&#8221; allow_player_pause=&#8221;on&#8221; height=&#8221;450px&#8221; height_tablet=&#8221;300px&#8221; height_phone=&#8221;200px&#8221; height_last_edited=&#8221;on|phone&#8221; background_last_edited=&#8221;off|desktop&#8221; allow_player_pause_phone=&#8221;on&#8221; locked=&#8221;off&#8221; global_colors_info=&#8221;{}&#8221;][\/et_pb_section][et_pb_section fb_built=&#8221;1&#8243; custom_padding_last_edited=&#8221;on|phone&#8221; _builder_version=&#8221;4.7.7&#8243; _module_preset=&#8221;default&#8221; background_color=&#8221;#ffffff&#8221; custom_padding=&#8221;50px||150px|||&#8221; custom_padding_tablet=&#8221;10px||100px||false|false&#8221; custom_padding_phone=&#8221;10px||80px||false|false&#8221; global_colors_info=&#8221;{}&#8221;][et_pb_row _builder_version=&#8221;4.6.6&#8243; _module_preset=&#8221;default&#8221; global_colors_info=&#8221;{}&#8221;][et_pb_column type=&#8221;4_4&#8243; _builder_version=&#8221;4.6.6&#8243; _module_preset=&#8221;default&#8221; global_colors_info=&#8221;{}&#8221;][et_pb_text _builder_version=&#8221;4.8.1&#8243; _module_preset=&#8221;default&#8221; text_font=&#8221;CaslonLTStdAntique|300|||||||&#8221; text_text_color=&#8221;#000000&#8243; text_font_size=&#8221;55px&#8221; text_letter_spacing=&#8221;1px&#8221; text_line_height=&#8221;1.8em&#8221; header_font=&#8221;caslonltstdantiqueCL|300|||||||&#8221; header_font_size=&#8221;55px&#8221; custom_margin=&#8221;0px||0px||false|false&#8221; custom_margin_tablet=&#8221;&#8221; custom_margin_phone=&#8221;&#8221; custom_margin_last_edited=&#8221;on|phone&#8221; custom_padding=&#8221;0px|||||&#8221; custom_padding_tablet=&#8221;&#8221; custom_padding_phone=&#8221;0px||0px||false|false&#8221; custom_padding_last_edited=&#8221;on|phone&#8221; text_font_size_tablet=&#8221;45px&#8221; text_font_size_phone=&#8221;30px&#8221; text_font_size_last_edited=&#8221;on|phone&#8221; text_line_height_tablet=&#8221;&#8221; text_line_height_phone=&#8221;1.2em&#8221; text_line_height_last_edited=&#8221;on|phone&#8221; header_font_size_tablet=&#8221;45px&#8221; header_font_size_phone=&#8221;30px&#8221; header_font_size_last_edited=&#8221;on|phone&#8221; global_colors_info=&#8221;{}&#8221;]<\/p>\n<h1 style=\"text-align: center;\">In Birae Predestinas<\/h1>\n<p>[\/et_pb_text][\/et_pb_column][\/et_pb_row][et_pb_row _builder_version=&#8221;4.6.6&#8243; _module_preset=&#8221;default&#8221; custom_margin=&#8221;0px||20px||false|false&#8221; custom_margin_tablet=&#8221;-10px||||false|false&#8221; custom_margin_phone=&#8221;-10px||||false|false&#8221; custom_margin_last_edited=&#8221;on|desktop&#8221; custom_padding=&#8221;0px||0px||false|false&#8221; global_colors_info=&#8221;{}&#8221;][et_pb_column type=&#8221;4_4&#8243; _builder_version=&#8221;4.6.6&#8243; _module_preset=&#8221;default&#8221; global_colors_info=&#8221;{}&#8221;][et_pb_text _builder_version=&#8221;4.9.0&#8243; _module_preset=&#8221;default&#8221; text_font=&#8221;zapfchanceryromanCL||||||||&#8221; text_text_color=&#8221;#000000&#8243; text_font_size=&#8221;22px&#8221; text_line_height=&#8221;1.6em&#8221; custom_margin=&#8221;||-10px|||&#8221; custom_padding=&#8221;0px|||||&#8221; text_font_tablet=&#8221;&#8221; text_font_phone=&#8221;&#8221; text_font_last_edited=&#8221;on|phone&#8221; text_font_size_tablet=&#8221;22px&#8221; text_font_size_phone=&#8221;20px&#8221; text_font_size_last_edited=&#8221;on|desktop&#8221; text_line_height_tablet=&#8221;1.5em&#8221; text_line_height_phone=&#8221;1.4em&#8221; text_line_height_last_edited=&#8221;on|desktop&#8221; global_colors_info=&#8221;{}&#8221;]<\/p>\n<p style=\"text-align: justify;\">Shortly before his death in 1564, Calvin, who was already unwell, would spend many hours cloistered in his house at rue des Chanoines in Geneva. Strange odours would emerge from his laboratory and percolate right up to the foot of the ramparts. He was even suspected by his enemies of practising alchemy \u2013 a pursuit forbidden by the Inquisition. In fact, assisted by a former Trappist monk, he was learning the art of brewing beer. His doctors had forbidden him to consume any communion wine, so terribly did its abysmal quality affect his complexion and gnaw away at his internal organs.<\/p>\n<p>[\/et_pb_text][\/et_pb_column][\/et_pb_row][et_pb_row _builder_version=&#8221;4.6.6&#8243; _module_preset=&#8221;default&#8221; custom_margin=&#8221;0px||0px||true|false&#8221; custom_padding=&#8221;0px||0px||true|false&#8221; global_colors_info=&#8221;{}&#8221;][et_pb_column type=&#8221;4_4&#8243; _builder_version=&#8221;4.6.6&#8243; _module_preset=&#8221;default&#8221; global_colors_info=&#8221;{}&#8221;][et_pb_image src=&#8221;https:\/\/calvinus.ch\/wp-content\/uploads\/2020\/10\/Histoire-Calvinus-Biere-Geneve-Suisse-Calvin.jpg&#8221; alt=&#8221;Histoire2-calvin-calvinus-bi\u00e8re-beer-local-gen\u00e8ve-geneva-bestbeer-suisse&#8221; title_text=&#8221;Histoire2-calvin-calvinus-bi\u00e8re-beer-local-gen\u00e8ve-geneva-bestbeer-suisse&#8221; align=&#8221;center&#8221; _builder_version=&#8221;4.8.0&#8243; _module_preset=&#8221;default&#8221; width=&#8221;600px&#8221; width_tablet=&#8221;90%&#8221; width_phone=&#8221;auto&#8221; width_last_edited=&#8221;on|tablet&#8221; custom_margin=&#8221;||||false|false&#8221; custom_padding=&#8221;||||false|false&#8221; hover_enabled=&#8221;0&#8243; custom_css_main_element=&#8221;pointer-events: none!important;&#8221; global_colors_info=&#8221;{}&#8221; sticky_enabled=&#8221;0&#8243;][\/et_pb_image][\/et_pb_column][\/et_pb_row][et_pb_row _builder_version=&#8221;4.6.6&#8243; _module_preset=&#8221;default&#8221; custom_margin=&#8221;15px||20px||false|false&#8221; custom_margin_tablet=&#8221;&#8221; custom_margin_phone=&#8221;10px||10px||false|false&#8221; custom_margin_last_edited=&#8221;on|phone&#8221; custom_padding=&#8221;0px||0px||false|false&#8221; global_colors_info=&#8221;{}&#8221;][et_pb_column type=&#8221;4_4&#8243; _builder_version=&#8221;4.6.6&#8243; _module_preset=&#8221;default&#8221; global_colors_info=&#8221;{}&#8221;][et_pb_text _builder_version=&#8221;4.8.1&#8243; _module_preset=&#8221;default&#8221; text_font=&#8221;zapfchanceryromanCL||||||||&#8221; text_text_color=&#8221;#000000&#8243; text_font_size=&#8221;22px&#8221; text_line_height=&#8221;1.6em&#8221; custom_margin=&#8221;||-10px|||&#8221; custom_padding=&#8221;0px|||||&#8221; text_font_tablet=&#8221;&#8221; text_font_phone=&#8221;&#8221; text_font_last_edited=&#8221;on|phone&#8221; text_font_size_tablet=&#8221;22px&#8221; text_font_size_phone=&#8221;20px&#8221; text_font_size_last_edited=&#8221;on|desktop&#8221; text_line_height_tablet=&#8221;1.5em&#8221; text_line_height_phone=&#8221;1.4em&#8221; text_line_height_last_edited=&#8221;on|desktop&#8221; global_colors_info=&#8221;{}&#8221;]<\/p>\n<p style=\"text-align: justify;\">Alas, one fine Sunday in May, a dreadful bilious attack put a premature end to his life and his work. In memory of Calvin, we, the Papinot Brothers, have resumed his valuable research. After countless efforts, we have finally succeeded and the Calvinus beers have been born.  <\/p>\n<p>[\/et_pb_text][\/et_pb_column][\/et_pb_row][et_pb_row _builder_version=&#8221;4.6.6&#8243; _module_preset=&#8221;default&#8221; background_image=&#8221;https:\/\/calvinus.ch\/wp-content\/uploads\/2020\/10\/Calvinus-Biere-Geneve.jpg&#8221; background_size=&#8221;contain&#8221; width_tablet=&#8221;&#8221; width_phone=&#8221;90%&#8221; width_last_edited=&#8221;on|phone&#8221; module_alignment=&#8221;center&#8221; height=&#8221;600px&#8221; height_tablet=&#8221;&#8221; height_phone=&#8221;&#8221; height_last_edited=&#8221;on|tablet&#8221; custom_margin=&#8221;40px|auto||auto||&#8221; custom_margin_tablet=&#8221;0px||||false|false&#8221; custom_margin_phone=&#8221;-5px||||false|false&#8221; custom_margin_last_edited=&#8221;on|phone&#8221; module_alignment_tablet=&#8221;right&#8221; module_alignment_phone=&#8221;right&#8221; module_alignment_last_edited=&#8221;on|phone&#8221; global_colors_info=&#8221;{}&#8221;][et_pb_column type=&#8221;4_4&#8243; _builder_version=&#8221;4.6.6&#8243; _module_preset=&#8221;default&#8221; global_colors_info=&#8221;{}&#8221;][et_pb_image src=&#8221;https:\/\/calvinus.ch\/wp-content\/uploads\/2020\/10\/Verre_blonde.png&#8221; alt=&#8221;Bi\u00e8re-Blonde-calvinus-bi\u00e8re-beer-local-gen\u00e8ve-geneva-bestbeer-suisse-verre&#8221; title_text=&#8221;Bi\u00e8re-Blonde-calvinus-bi\u00e8re-beer-local-gen\u00e8ve-geneva-bestbeer-suisse-verre&#8221; align_tablet=&#8221;left&#8221; align_phone=&#8221;left&#8221; align_last_edited=&#8221;on|phone&#8221; _builder_version=&#8221;4.11.2&#8243; _module_preset=&#8221;default&#8221; width=&#8221;26%&#8221; width_tablet=&#8221;28%&#8221; width_phone=&#8221;35%&#8221; width_last_edited=&#8221;on|tablet&#8221; module_alignment=&#8221;left&#8221; height_tablet=&#8221;300px&#8221; height_phone=&#8221;200px&#8221; height_last_edited=&#8221;on|phone&#8221; custom_margin=&#8221;30px||||false|false&#8221; custom_margin_tablet=&#8221;|||-10px|false|false&#8221; custom_margin_phone=&#8221;|0px||-5px|false|false&#8221; custom_margin_last_edited=&#8221;on|tablet&#8221; custom_padding=&#8221;40px||||false|false&#8221; custom_padding_tablet=&#8221;50px|0px||0px|false|false&#8221; custom_padding_phone=&#8221;20px|0px||0px|false|false&#8221; custom_padding_last_edited=&#8221;on|desktop&#8221; animation_style=&#8221;fade&#8221; animation_delay=&#8221;500ms&#8221; hover_enabled=&#8221;0&#8243; custom_css_main_element=&#8221;pointer-events: none!important;&#8221; global_colors_info=&#8221;{}&#8221; sticky_enabled=&#8221;0&#8243; max_width_last_edited=&#8221;on|phone&#8221;][\/et_pb_image][\/et_pb_column][\/et_pb_row][\/et_pb_section]<\/p>\n","protected":false},"excerpt":{"rendered":"<p>In Birae PredestinasShortly before his death in 1564, Calvin, who was already unwell, would spend many hours cloistered in his house at rue des Chanoines in Geneva. Strange odours would emerge from his laboratory and percolate right up to the foot of the ramparts. He was even suspected by his enemies of practising alchemy \u2013 [&hellip;]<\/p>\n","protected":false},"author":1,"featured_media":0,"parent":0,"menu_order":0,"comment_status":"closed","ping_status":"closed","template":"","meta":{"_et_pb_use_builder":"on","_et_pb_old_content":"","_et_gb_content_width":"","spay_email":""},"dipi_cpt_category":[],"_links":{"self":[{"href":"https:\/\/calvinus.ch\/en\/wp-json\/wp\/v2\/pages\/34826"}],"collection":[{"href":"https:\/\/calvinus.ch\/en\/wp-json\/wp\/v2\/pages"}],"about":[{"href":"https:\/\/calvinus.ch\/en\/wp-json\/wp\/v2\/types\/page"}],"author":[{"embeddable":true,"href":"https:\/\/calvinus.ch\/en\/wp-json\/wp\/v2\/users\/1"}],"replies":[{"embeddable":true,"href":"https:\/\/calvinus.ch\/en\/wp-json\/wp\/v2\/comments?post=34826"}],"version-history":[{"count":9,"href":"https:\/\/calvinus.ch\/en\/wp-json\/wp\/v2\/pages\/34826\/revisions"}],"predecessor-version":[{"id":35748,"href":"https:\/\/calvinus.ch\/en\/wp-json\/wp\/v2\/pages\/34826\/revisions\/35748"}],"wp:attachment":[{"href":"https:\/\/calvinus.ch\/en\/wp-json\/wp\/v2\/media?parent=34826"}],"wp:term":[{"taxonomy":"dipi_cpt_category","embeddable":true,"href":"https:\/\/calvinus.ch\/en\/wp-json\/wp\/v2\/dipi_cpt_category?post=34826"}],"curies":[{"name":"wp","href":"https:\/\/api.w.org\/{rel}","templated":true}]}}