{"id":34883,"date":"2021-02-07T19:48:46","date_gmt":"2021-02-07T18:48:46","guid":{"rendered":"https:\/\/calvinus.ch\/our-beers\/laustere\/"},"modified":"2021-04-27T10:40:10","modified_gmt":"2021-04-27T08:40:10","slug":"laustere","status":"publish","type":"page","link":"https:\/\/calvinus.ch\/en\/our-beers\/laustere\/","title":{"rendered":"L&#8217;AUST\u00c8RE"},"content":{"rendered":"<p>[et_pb_section fb_built=&#8221;1&#8243; custom_padding_last_edited=&#8221;off|desktop&#8221; _builder_version=&#8221;4.9.0&#8243; _module_preset=&#8221;default&#8221; background_color=&#8221;rgba(0,0,0,0.8)&#8221; background_image=&#8221;https:\/\/calvinus.ch\/wp-content\/uploads\/2020\/10\/calvinus-biere-beer-local-geneve-geneva-bestbeer-suisse-fondpage-scaled.jpg&#8221; background_blend=&#8221;overlay&#8221; custom_padding=&#8221;50px||50px||true|false&#8221; custom_padding_tablet=&#8221;70px||150px||false|false&#8221; custom_padding_phone=&#8221;50px||100px||false|false&#8221;][et_pb_row custom_padding_last_edited=&#8221;on|phone&#8221; _builder_version=&#8221;4.9.0&#8243; _module_preset=&#8221;default&#8221; width_tablet=&#8221;90%&#8221; width_phone=&#8221;90%&#8221; width_last_edited=&#8221;on|desktop&#8221; custom_margin=&#8221;||||false|false&#8221; custom_margin_tablet=&#8221;||-20px||false|false&#8221; custom_margin_phone=&#8221;0px||-20px||false|false&#8221; custom_margin_last_edited=&#8221;on|phone&#8221; custom_padding=&#8221;||||true&#8221; custom_padding_tablet=&#8221;||0px||false|false&#8221; custom_padding_phone=&#8221;0px||0px||false|false&#8221;][et_pb_column type=&#8221;4_4&#8243; _builder_version=&#8221;4.6.6&#8243; _module_preset=&#8221;default&#8221;][et_pb_text _builder_version=&#8221;4.9.0&#8243; _module_preset=&#8221;default&#8221; text_font=&#8221;ZapfChanceryRoman||||||||&#8221; text_text_color=&#8221;#000000&#8243; text_font_size=&#8221;26px&#8221; header_font=&#8221;caslonltstdantiqueCL|300|||||||&#8221; header_text_color=&#8221;#d6d6d6&#8243; header_font_size=&#8221;50px&#8221; header_line_height=&#8221;0.6em&#8221; header_2_font=&#8221;centurystdlightCL|300|||||||&#8221; header_2_text_color=&#8221;#d6d6d6&#8243; header_2_font_size=&#8221;40px&#8221; background_color=&#8221;#242424&#8243; background_image=&#8221;https:\/\/calvinus.ch\/wp-content\/uploads\/2020\/10\/calvinus-biere-beer-local-geneve-geneva-bestbeer-suisse-fondpage-1024&#215;683.jpg&#8221; background_blend=&#8221;overlay&#8221; width_tablet=&#8221;&#8221; width_phone=&#8221;&#8221; width_last_edited=&#8221;on|phone&#8221; module_alignment=&#8221;center&#8221; custom_margin=&#8221;0px||30px|0px|false|false&#8221; custom_margin_tablet=&#8221;&#8221; custom_margin_phone=&#8221;0px||30px||false|false&#8221; custom_margin_last_edited=&#8221;on|phone&#8221; custom_padding=&#8221;20px||0px||false|false&#8221; custom_padding_tablet=&#8221;25px||0px||false|false&#8221; custom_padding_phone=&#8221;25px||0px||false|false&#8221; custom_padding_last_edited=&#8221;on|phone&#8221; hover_enabled=&#8221;0&#8243; header_font_size_tablet=&#8221;&#8221; header_font_size_phone=&#8221;40px&#8221; header_font_size_last_edited=&#8221;on|phone&#8221; header_2_font_size_tablet=&#8221;&#8221; header_2_font_size_phone=&#8221;26px&#8221; header_2_font_size_last_edited=&#8221;on|phone&#8221; header_2_line_height_tablet=&#8221;1em&#8221; header_2_line_height_phone=&#8221;1em&#8221; header_2_line_height_last_edited=&#8221;on|phone&#8221; sticky_enabled=&#8221;0&#8243;]<\/p>\n<h1 style=\"text-align: center;\">CALVINUS<\/h1>\n<h2 style=\"text-align: center;\">L&#8217;AUST\u00c8RE<\/h2>\n<p>[\/et_pb_text][\/et_pb_column][\/et_pb_row][et_pb_row use_custom_gutter=&#8221;on&#8221; gutter_width=&#8221;4&#8243; custom_padding_last_edited=&#8221;on|tablet&#8221; _builder_version=&#8221;4.9.0&#8243; _module_preset=&#8221;default&#8221; width=&#8221;90%&#8221; custom_margin=&#8221;0px|auto||auto|false|false&#8221; custom_margin_tablet=&#8221;&#8221; custom_margin_phone=&#8221;||0px||false|false&#8221; custom_margin_last_edited=&#8221;on|phone&#8221; custom_padding=&#8221;0px||||false|false&#8221; custom_padding_tablet=&#8221;0px||0px||false|false&#8221; custom_padding_phone=&#8221;0px||0px||false|false&#8221;][et_pb_column type=&#8221;4_4&#8243; _builder_version=&#8221;4.6.6&#8243; _module_preset=&#8221;default&#8221; background_enable_color=&#8221;off&#8221; background_enable_image=&#8221;off&#8221; background_blend=&#8221;overlay&#8221;][et_pb_image src=&#8221;https:\/\/calvinus.ch\/wp-content\/uploads\/2021\/01\/Pack_Canette_canette_V2.png&#8221; alt=&#8221;6pack-Canette-Blonde-Lager-Calvinus-bi\u00e8re-Gen\u00e8ve-Suisse&#8221; title_text=&#8221;Bi\u00e8re L&#8217;Aust\u00e8re Blonde Calvinus&#8221; show_in_lightbox=&#8221;on&#8221; align=&#8221;center&#8221; _builder_version=&#8221;4.9.0&#8243; _module_preset=&#8221;default&#8221; width_tablet=&#8221;&#8221; width_phone=&#8221;&#8221; width_last_edited=&#8221;on|phone&#8221; max_width=&#8221;50%&#8221; max_width_tablet=&#8221;80%&#8221; max_width_phone=&#8221;90%&#8221; max_width_last_edited=&#8221;on|phone&#8221; custom_margin=&#8221;-25px||0px||false|false&#8221; custom_margin_tablet=&#8221;&#8221; custom_margin_phone=&#8221;&#8221; custom_margin_last_edited=&#8221;on|desktop&#8221; custom_padding=&#8221;0px||20px||false|false&#8221; custom_padding_tablet=&#8221;&#8221; custom_padding_phone=&#8221;&#8221; custom_padding_last_edited=&#8221;on|tablet&#8221; animation_direction=&#8221;top&#8221;][\/et_pb_image][\/et_pb_column][\/et_pb_row][et_pb_row column_structure=&#8221;1_2,1_2&#8243; custom_padding_last_edited=&#8221;on|tablet&#8221; _builder_version=&#8221;4.8.1&#8243; _module_preset=&#8221;default&#8221; custom_margin=&#8221;||||false|false&#8221; custom_padding_tablet=&#8221;10px||||false|false&#8221; custom_padding_phone=&#8221;10px||||false|false&#8221;][et_pb_column type=&#8221;1_2&#8243; _builder_version=&#8221;4.6.6&#8243; _module_preset=&#8221;default&#8221;][et_pb_text _builder_version=&#8221;4.9.0&#8243; _module_preset=&#8221;default&#8221; text_font=&#8221;zapfchanceryromanCL||||||||&#8221; text_text_color=&#8221;#ffffff&#8221; text_font_size=&#8221;32px&#8221; text_letter_spacing=&#8221;1px&#8221; text_font_size_tablet=&#8221;&#8221; text_font_size_phone=&#8221;26px&#8221; text_font_size_last_edited=&#8221;on|phone&#8221; text_line_height_tablet=&#8221;1.2em&#8221; text_line_height_phone=&#8221;1.2em&#8221; text_line_height_last_edited=&#8221;on|tablet&#8221;]<\/p>\n<p>Ideal to quench your thirst!<\/p>\n<p>[\/et_pb_text][et_pb_counters bar_bg_color=&#8221;#ae8437&#8243; _builder_version=&#8221;4.9.0&#8243; _module_preset=&#8221;default&#8221; title_font=&#8221;centurystdlightCL||||||||&#8221; title_font_size=&#8221;15px&#8221; percent_letter_spacing=&#8221;1px&#8221; width=&#8221;300px&#8221; width_tablet=&#8221;&#8221; width_phone=&#8221;&#8221; width_last_edited=&#8221;on|phone&#8221; custom_margin=&#8221;||6px||false|false&#8221; locked=&#8221;off&#8221;][et_pb_counter percent=&#8221;18&#8243; bar_background_color=&#8221;#926e00&#8243; _builder_version=&#8221;4.9.0&#8243; _module_preset=&#8221;default&#8221; title_font=&#8221;zapfchanceryromanCL|||on|||||&#8221; title_text_color=&#8221;#ffffff&#8221; title_font_size=&#8221;20px&#8221; title_letter_spacing=&#8221;1px&#8221; percent_font=&#8221;CenturyStdLight||||||||&#8221; percent_text_color=&#8221;rgba(0,0,0,0)&#8221; percent_font_size=&#8221;16px&#8221; percent_letter_spacing=&#8221;2px&#8221; background_color=&#8221;rgba(255,255,255,0.3)&#8221; background_enable_color=&#8221;on&#8221; height=&#8221;15px&#8221; background_enable_color_default=&#8221;on&#8221; parallax_default=&#8221;off&#8221; parallax_method_default=&#8221;on&#8221; bar_background_color_default=&#8221;#ae8437&#8243; use_percentages=&#8221;on&#8221; allow_player_pause_default=&#8221;off&#8221;]BITTERNESS[\/et_pb_counter][\/et_pb_counters][et_pb_counters bar_bg_color=&#8221;#ae8437&#8243; _builder_version=&#8221;4.9.0&#8243; _module_preset=&#8221;default&#8221; title_font=&#8221;centurystdlightCL||||||||&#8221; title_font_size=&#8221;15px&#8221; percent_letter_spacing=&#8221;1px&#8221; width=&#8221;300px&#8221; width_tablet=&#8221;&#8221; width_phone=&#8221;&#8221; width_last_edited=&#8221;on|phone&#8221; custom_margin=&#8221;||6px||false|false&#8221; locked=&#8221;off&#8221;][et_pb_counter percent=&#8221;20&#8243; bar_background_color=&#8221;#926e00&#8243; _builder_version=&#8221;4.9.0&#8243; _module_preset=&#8221;default&#8221; title_font=&#8221;zapfchanceryromanCL|||on|||||&#8221; title_text_color=&#8221;#ffffff&#8221; title_font_size=&#8221;20px&#8221; title_letter_spacing=&#8221;1px&#8221; percent_font=&#8221;CenturyStdLight||||||||&#8221; percent_text_color=&#8221;rgba(0,0,0,0)&#8221; percent_font_size=&#8221;16px&#8221; percent_letter_spacing=&#8221;2px&#8221; background_color=&#8221;rgba(255,255,255,0.3)&#8221; background_enable_color=&#8221;on&#8221; height=&#8221;15px&#8221; background_enable_color_default=&#8221;on&#8221; parallax_default=&#8221;off&#8221; parallax_method_default=&#8221;on&#8221; bar_background_color_default=&#8221;#ae8437&#8243; use_percentages=&#8221;on&#8221; allow_player_pause_default=&#8221;off&#8221;]malted[\/et_pb_counter][\/et_pb_counters][et_pb_counters bar_bg_color=&#8221;#ae8437&#8243; _builder_version=&#8221;4.9.0&#8243; _module_preset=&#8221;default&#8221; title_font=&#8221;centurystdlightCL||||||||&#8221; title_font_size=&#8221;15px&#8221; percent_letter_spacing=&#8221;1px&#8221; width=&#8221;300px&#8221; width_tablet=&#8221;&#8221; width_phone=&#8221;&#8221; width_last_edited=&#8221;on|phone&#8221; custom_margin=&#8221;||6px||false|false&#8221; locked=&#8221;off&#8221;][et_pb_counter percent=&#8221;85&#8243; bar_background_color=&#8221;#926e00&#8243; _builder_version=&#8221;4.9.0&#8243; _module_preset=&#8221;default&#8221; title_font=&#8221;zapfchanceryromanCL|||on|||||&#8221; title_text_color=&#8221;#ffffff&#8221; title_font_size=&#8221;20px&#8221; title_letter_spacing=&#8221;1px&#8221; percent_font=&#8221;CenturyStdLight||||||||&#8221; percent_text_color=&#8221;rgba(0,0,0,0)&#8221; percent_font_size=&#8221;16px&#8221; percent_letter_spacing=&#8221;2px&#8221; background_color=&#8221;rgba(255,255,255,0.3)&#8221; background_enable_color=&#8221;on&#8221; height=&#8221;15px&#8221; background_enable_color_default=&#8221;on&#8221; parallax_default=&#8221;off&#8221; parallax_method_default=&#8221;on&#8221; bar_background_color_default=&#8221;#ae8437&#8243; use_percentages=&#8221;on&#8221; allow_player_pause_default=&#8221;off&#8221;]fruity[\/et_pb_counter][\/et_pb_counters][et_pb_counters bar_bg_color=&#8221;#ae8437&#8243; _builder_version=&#8221;4.9.0&#8243; _module_preset=&#8221;default&#8221; title_font=&#8221;centurystdlightCL||||||||&#8221; title_font_size=&#8221;15px&#8221; percent_letter_spacing=&#8221;1px&#8221; width=&#8221;300px&#8221; width_tablet=&#8221;&#8221; width_phone=&#8221;&#8221; width_last_edited=&#8221;on|phone&#8221; custom_margin=&#8221;||6px||false|false&#8221; locked=&#8221;off&#8221;][et_pb_counter percent=&#8221;5&#8243; bar_background_color=&#8221;#926e00&#8243; _builder_version=&#8221;4.9.0&#8243; _module_preset=&#8221;default&#8221; title_font=&#8221;zapfchanceryromanCL|||on|||||&#8221; title_text_color=&#8221;#ffffff&#8221; title_font_size=&#8221;20px&#8221; title_letter_spacing=&#8221;1px&#8221; percent_font=&#8221;CenturyStdLight||||||||&#8221; percent_text_color=&#8221;rgba(0,0,0,0)&#8221; percent_font_size=&#8221;16px&#8221; percent_letter_spacing=&#8221;2px&#8221; background_color=&#8221;rgba(255,255,255,0.3)&#8221; background_enable_color=&#8221;on&#8221; height=&#8221;15px&#8221; background_enable_color_default=&#8221;on&#8221; parallax_default=&#8221;off&#8221; parallax_method_default=&#8221;on&#8221; bar_background_color_default=&#8221;#ae8437&#8243; use_percentages=&#8221;on&#8221; allow_player_pause_default=&#8221;off&#8221;]spicy[\/et_pb_counter][\/et_pb_counters][\/et_pb_column][et_pb_column type=&#8221;1_2&#8243; _builder_version=&#8221;4.6.6&#8243; _module_preset=&#8221;default&#8221;][et_pb_divider color=&#8221;#926E00&#8243; disabled_on=&#8221;off|off|on&#8221; _builder_version=&#8221;4.7.4&#8243; _module_preset=&#8221;default&#8221; module_alignment=&#8221;center&#8221; custom_margin=&#8221;0px||0px||true|false&#8221;][\/et_pb_divider][et_pb_text _builder_version=&#8221;4.9.0&#8243; _module_preset=&#8221;default&#8221; text_font=&#8221;centurystdlightCL||||||||&#8221; text_text_color=&#8221;#ffffff&#8221; text_font_size=&#8221;17px&#8221; header_font=&#8221;zapfchanceryromanCL||||||||&#8221; header_text_color=&#8221;#ffffff&#8221; header_font_size=&#8221;20px&#8221; module_alignment=&#8221;center&#8221; custom_margin=&#8221;||20px|||&#8221;]<\/p>\n<h1 style=\"text-align: justify;\">DESCRIPTION<\/h1>\n<p style=\"text-align: justify;\">A fresh beer, it is distinguished by its sweetness and light fruitiness.<\/p>\n<p>[\/et_pb_text][et_pb_blurb image=&#8221;https:\/\/calvinus.ch\/wp-content\/uploads\/2021\/01\/Biere-Calvinus-Geneve.png&#8221; alt=&#8221;Calvinus Geneva Craft Beer&#8221; icon_placement=&#8221;left&#8221; _builder_version=&#8221;4.9.0&#8243; _module_preset=&#8221;default&#8221; body_font=&#8221;centurystdlightCL||||||||&#8221; body_text_color=&#8221;#ffffff&#8221; body_font_size=&#8221;17px&#8221; custom_margin=&#8221;||15px||false|false&#8221; animation=&#8221;off&#8221; locked=&#8221;off&#8221;]<\/p>\n<p>Lager Beer<\/p>\n<p>[\/et_pb_blurb][et_pb_blurb image=&#8221;https:\/\/calvinus.ch\/wp-content\/uploads\/2021\/01\/Degre-alcool-biere-calvinus.png&#8221; alt=&#8221;Calvinus beer alcohol degree&#8221; icon_placement=&#8221;left&#8221; _builder_version=&#8221;4.9.0&#8243; _module_preset=&#8221;default&#8221; body_font=&#8221;centurystdlightCL||||||||&#8221; body_text_color=&#8221;#ffffff&#8221; body_font_size=&#8221;17px&#8221; custom_margin=&#8221;||15px||false|false&#8221; animation=&#8221;off&#8221; locked=&#8221;off&#8221;]<\/p>\n<p>4.8% Alcohol content<\/p>\n<p>[\/et_pb_blurb][et_pb_blurb image=&#8221;https:\/\/calvinus.ch\/wp-content\/uploads\/2021\/01\/amertume-calvinus.png&#8221; alt=&#8221;bitterness craft beer calvinus&#8221; icon_placement=&#8221;left&#8221; _builder_version=&#8221;4.9.0&#8243; _module_preset=&#8221;default&#8221; body_font=&#8221;centurystdlightCL||||||||&#8221; body_text_color=&#8221;#ffffff&#8221; body_font_size=&#8221;17px&#8221; custom_margin=&#8221;||15px||false|false&#8221; animation=&#8221;off&#8221; locked=&#8221;off&#8221;]<\/p>\n<p><span>18 IBU<\/span><\/p>\n<p>[\/et_pb_blurb][et_pb_blurb image=&#8221;https:\/\/calvinus.ch\/wp-content\/uploads\/2021\/01\/couleur-biere-calvinus-artisanale.png&#8221; alt=&#8221;craft calvinus beer color&#8221; icon_placement=&#8221;left&#8221; _builder_version=&#8221;4.9.0&#8243; _module_preset=&#8221;default&#8221; body_font=&#8221;centurystdlightCL||||||||&#8221; body_text_color=&#8221;#ffffff&#8221; body_font_size=&#8221;17px&#8221; custom_margin=&#8221;||15px||false|false&#8221; animation=&#8221;off&#8221; locked=&#8221;off&#8221;]<\/p>\n<p><span>Colour: blond with golden glints<\/span><\/p>\n<p>[\/et_pb_blurb][et_pb_blurb image=&#8221;https:\/\/calvinus.ch\/wp-content\/uploads\/2021\/01\/gout-biere-calvinus-artisalane.png&#8221; alt=&#8221;Calvinus artisalane beer taste&#8221; icon_placement=&#8221;left&#8221; _builder_version=&#8221;4.9.0&#8243; _module_preset=&#8221;default&#8221; body_font=&#8221;centurystdlightCL||||||||&#8221; body_text_color=&#8221;#ffffff&#8221; body_font_size=&#8221;17px&#8221; custom_margin=&#8221;||15px||false|false&#8221; animation=&#8221;off&#8221; locked=&#8221;off&#8221;]<\/p>\n<p>Aroma of soft and dry hops, fruity<\/p>\n<p>[\/et_pb_blurb][et_pb_blurb image=&#8221;https:\/\/calvinus.ch\/wp-content\/uploads\/2021\/01\/Calvinus-Biere-Degre.png&#8221; alt=&#8221;Calvinus Beer Degree&#8221; icon_placement=&#8221;left&#8221; _builder_version=&#8221;4.9.0&#8243; _module_preset=&#8221;default&#8221; body_font=&#8221;centurystdlightCL||||||||&#8221; body_text_color=&#8221;#ffffff&#8221; body_font_size=&#8221;17px&#8221; animation=&#8221;off&#8221; locked=&#8221;off&#8221;]<\/p>\n<p><span>Drink in a range of 4\u00b0 and 6\u00b0C<\/span><\/p>\n<p>[\/et_pb_blurb][et_pb_divider color=&#8221;#926E00&#8243; _builder_version=&#8221;4.7.4&#8243; _module_preset=&#8221;default&#8221; module_alignment=&#8221;center&#8221; custom_margin=&#8221;0px||0px||true|false&#8221;][\/et_pb_divider][et_pb_text _builder_version=&#8221;4.9.0&#8243; _module_preset=&#8221;default&#8221; text_font=&#8221;centurystdlightCL||||||||&#8221; text_text_color=&#8221;#ffffff&#8221; text_font_size=&#8221;17px&#8221; header_font=&#8221;zapfchanceryromanCL|||on|||||&#8221; header_text_color=&#8221;#ffffff&#8221; header_font_size=&#8221;20px&#8221; module_alignment=&#8221;center&#8221; custom_margin=&#8221;||20px|||&#8221;]<\/p>\n<h1 style=\"text-align: justify;\">Composition<\/h1>\n<p style=\"text-align: justify;\">Spring water, barley, hops, and yeast.<\/p>\n<p>[\/et_pb_text][et_pb_divider color=&#8221;#926E00&#8243; _builder_version=&#8221;4.7.4&#8243; _module_preset=&#8221;default&#8221; module_alignment=&#8221;center&#8221; custom_margin=&#8221;0px||0px||true|false&#8221;][\/et_pb_divider][et_pb_text _builder_version=&#8221;4.9.0&#8243; _module_preset=&#8221;default&#8221; text_font=&#8221;CenturyStdLight||||||||&#8221; text_text_color=&#8221;#ffffff&#8221; text_font_size=&#8221;18px&#8221; header_font=&#8221;zapfchanceryromanCL|||on|||||&#8221; header_text_color=&#8221;#ffffff&#8221; header_font_size=&#8221;20px&#8221; module_alignment=&#8221;center&#8221; custom_margin=&#8221;||5px||false|false&#8221;]<\/p>\n<h1 style=\"text-align: justify;\">Available in<\/h1>\n<p>[\/et_pb_text][et_pb_blurb image=&#8221;https:\/\/calvinus.ch\/wp-content\/uploads\/2020\/11\/cannette50cl.png&#8221; icon_placement=&#8221;left&#8221; image_max_width=&#8221;15px&#8221; _builder_version=&#8221;4.9.0&#8243; _module_preset=&#8221;default&#8221; body_font=&#8221;centurystdlightCL|300|||||||&#8221; body_text_color=&#8221;#ffffff&#8221; body_font_size=&#8221;17px&#8221; custom_margin=&#8221;||15px||false|false&#8221; custom_padding=&#8221;||||false|false&#8221; custom_padding_tablet=&#8221;&#8221; custom_padding_phone=&#8221;&#8221; custom_padding_last_edited=&#8221;on|phone&#8221; animation=&#8221;off&#8221; locked=&#8221;off&#8221;]<\/p>\n<p>Can (6x50cl)<\/p>\n<p>[\/et_pb_blurb][et_pb_blurb image=&#8221;https:\/\/calvinus.ch\/wp-content\/uploads\/2020\/11\/fut-20litres-2.png&#8221; icon_placement=&#8221;left&#8221; image_max_width=&#8221;25px&#8221; _builder_version=&#8221;4.9.0&#8243; _module_preset=&#8221;default&#8221; body_font=&#8221;centurystdlightCL|300|||||||&#8221; body_text_color=&#8221;#ffffff&#8221; body_font_size=&#8221;17px&#8221; custom_margin=&#8221;||||false|false&#8221; custom_padding=&#8221;||||false|false&#8221; custom_padding_tablet=&#8221;&#8221; custom_padding_phone=&#8221;&#8221; custom_padding_last_edited=&#8221;on|phone&#8221; animation=&#8221;off&#8221; locked=&#8221;off&#8221;]<\/p>\n<p>Keg 10L, 20L et 50L<\/p>\n<p>[\/et_pb_blurb][et_pb_divider color=&#8221;#926E00&#8243; _builder_version=&#8221;4.7.4&#8243; _module_preset=&#8221;default&#8221; module_alignment=&#8221;center&#8221; custom_margin=&#8221;0px||0px||true|false&#8221;][\/et_pb_divider][et_pb_text _builder_version=&#8221;4.9.0&#8243; _module_preset=&#8221;default&#8221; text_font=&#8221;CenturyStdLight||||||||&#8221; text_text_color=&#8221;#ffffff&#8221; text_font_size=&#8221;18px&#8221; header_font=&#8221;zapfchanceryromanCL|||on|||||&#8221; header_text_color=&#8221;#ffffff&#8221; header_font_size=&#8221;20px&#8221; module_alignment=&#8221;center&#8221; custom_margin=&#8221;||1px|||&#8221; custom_padding=&#8221;||5px|||&#8221;]<\/p>\n<h1 style=\"text-align: left;\">Nutritional values<\/h1>\n<p>[\/et_pb_text][et_pb_text _builder_version=&#8221;4.9.0&#8243; _module_preset=&#8221;default&#8221; text_font=&#8221;centurystdlightCL||||||||&#8221; text_text_color=&#8221;#ffffff&#8221; text_font_size=&#8221;17px&#8221; header_4_font=&#8221;||||on||||&#8221; header_4_text_color=&#8221;#ffffff&#8221; custom_margin=&#8221;-15px||20px||false|false&#8221;]<\/p>\n<div class=\"tile w100\">\n<div class=\"ce_tile_content\">\n<h4><\/h4>\n<p>For 100ml:<\/p>\n<\/div>\n<\/div>\n<p>[\/et_pb_text][et_pb_text content_tablet=&#8221;<\/p>\n<p style=%22padding-left: 30px;%22>Energy: 160 kj | 38 kcal<br \/> Fat: 0.5 g | of which saturated: 0.1 g<br \/> Carbohydrates: 3.5 g | of which sugars: 0.5 g<br \/> Proteins: 0.5 g<br \/> Salt: 0.01 g<br \/> Carbonic acid: 5<\/p>\n<p>&#8221; content_phone=&#8221;<\/p>\n<div class=\"%22tile\" w100=\"\">\n<div class=\"%22ce_tile_content%22\">\n<p>Energy: 160 kj | 38 kcal<br \/>Fat: 0.5 g | of which saturated: 0.1 g<br \/>Carbohydrates: 3.5 g | of which sugars: 0.5 g<br \/>Proteins: 0.5 g<br \/>Salt: 0.01 g<br \/>Carbonic acid: 5<\/p>\n<\/div>\n<\/div>\n<p>&#8221; content_last_edited=&#8221;on|phone&#8221; _builder_version=&#8221;4.9.0&#8243; _module_preset=&#8221;default&#8221; text_font=&#8221;centurystdlightCL||||||||&#8221; text_text_color=&#8221;#ffffff&#8221; text_font_size=&#8221;17px&#8221; header_4_font=&#8221;||||on||||&#8221; header_4_text_color=&#8221;#ffffff&#8221; custom_margin=&#8221;-15px||20px||false|false&#8221;]<\/p>\n<div class=\"tile w100\">\n<div class=\"ce_tile_content\">\n<p style=\"padding-left: 30px;\">Energy: 160 kj | 38 kcal<br \/> Fat: 0.5 g | of which saturated: 0.1 g<br \/> Carbohydrates: 3.5 g | of which sugars: 0.5 g<br \/> Proteins: 0.5 g<br \/> Salt: 0.01 g<br \/> Carbonic acid: 5<\/p>\n<\/div>\n<\/div>\n<p>[\/et_pb_text][et_pb_divider color=&#8221;#926E00&#8243; _builder_version=&#8221;4.7.4&#8243; _module_preset=&#8221;default&#8221; module_alignment=&#8221;center&#8221; custom_margin=&#8221;0px||0px||true|false&#8221;][\/et_pb_divider][et_pb_text _builder_version=&#8221;4.9.0&#8243; _module_preset=&#8221;default&#8221; text_font=&#8221;centurystdlightCL||||||||&#8221; text_text_color=&#8221;#ffffff&#8221; text_font_size=&#8221;17px&#8221; header_font=&#8221;zapfchanceryromanCL|||on|||||&#8221; header_text_color=&#8221;#ffffff&#8221; header_font_size=&#8221;20px&#8221; module_alignment=&#8221;center&#8221; custom_margin=&#8221;||20px|||&#8221;]<\/p>\n<h1 style=\"text-align: justify;\">ALLERGENS<\/h1>\n<p style=\"text-align: justify;\">Cereal containing gluten<\/p>\n<p>[\/et_pb_text][\/et_pb_column][\/et_pb_row][\/et_pb_section]<\/p>\n","protected":false},"excerpt":{"rendered":"<p>CALVINUS L&#8217;AUST\u00c8REIdeal to quench your thirst!BITTERNESSmaltedfruityspicyDESCRIPTION A fresh beer, it is distinguished by its sweetness and light fruitiness.Lager Beer4.8% Alcohol content18 IBUColour: blond with golden glintsAroma of soft and dry hops, fruityDrink in a range of 4\u00b0 and 6\u00b0CComposition Spring water, barley, hops, and yeast.Available inCan (6x50cl)Keg 10L, 20L et 50LNutritional values For 100ml: Energy: [&hellip;]<\/p>\n","protected":false},"author":1,"featured_media":0,"parent":34855,"menu_order":0,"comment_status":"closed","ping_status":"closed","template":"","meta":{"_et_pb_use_builder":"on","_et_pb_old_content":"","_et_gb_content_width":"","spay_email":""},"dipi_cpt_category":[],"_links":{"self":[{"href":"https:\/\/calvinus.ch\/en\/wp-json\/wp\/v2\/pages\/34883"}],"collection":[{"href":"https:\/\/calvinus.ch\/en\/wp-json\/wp\/v2\/pages"}],"about":[{"href":"https:\/\/calvinus.ch\/en\/wp-json\/wp\/v2\/types\/page"}],"author":[{"embeddable":true,"href":"https:\/\/calvinus.ch\/en\/wp-json\/wp\/v2\/users\/1"}],"replies":[{"embeddable":true,"href":"https:\/\/calvinus.ch\/en\/wp-json\/wp\/v2\/comments?post=34883"}],"version-history":[{"count":4,"href":"https:\/\/calvinus.ch\/en\/wp-json\/wp\/v2\/pages\/34883\/revisions"}],"predecessor-version":[{"id":35600,"href":"https:\/\/calvinus.ch\/en\/wp-json\/wp\/v2\/pages\/34883\/revisions\/35600"}],"up":[{"embeddable":true,"href":"https:\/\/calvinus.ch\/en\/wp-json\/wp\/v2\/pages\/34855"}],"wp:attachment":[{"href":"https:\/\/calvinus.ch\/en\/wp-json\/wp\/v2\/media?parent=34883"}],"wp:term":[{"taxonomy":"dipi_cpt_category","embeddable":true,"href":"https:\/\/calvinus.ch\/en\/wp-json\/wp\/v2\/dipi_cpt_category?post=34883"}],"curies":[{"name":"wp","href":"https:\/\/api.w.org\/{rel}","templated":true}]}}