{"id":31301,"date":"2020-11-30T16:13:20","date_gmt":"2020-11-30T15:13:20","guid":{"rendered":"https:\/\/dev.calvinus.ch\/?post_type=product&#038;p=31301"},"modified":"2023-04-03T12:07:24","modified_gmt":"2023-04-03T10:07:24","slug":"biere-blanche","status":"publish","type":"product","link":"https:\/\/calvinus.ch\/en\/boutique-calvinus\/biere-blanche\/","title":{"rendered":"Bi\u00e8re Blanche BIO 33cl"},"content":{"rendered":"","protected":false},"excerpt":{"rendered":"<p>Une bi\u00e8re blanche 5.2% sur lie, \u00e0 base de froment et d\u2019orge malt\u00e9e, referment\u00e9e en bouteille avec de la levure fra\u00eeche, l\u00e9g\u00e8rement \u00e9pic\u00e9e avec de la coriandre et des \u00e9corces d\u2019orange lui conf\u00e9rant ainsi un caract\u00e8re rafra\u00eechissant et l\u00e9g\u00e8rement acide.<\/p>\n","protected":false},"featured_media":31375,"template":"","meta":{"_et_pb_use_builder":"","_et_pb_old_content":"","_et_gb_content_width":"","spay_email":""},"product_cat":[48],"product_tag":[23],"_links":{"self":[{"href":"https:\/\/calvinus.ch\/en\/wp-json\/wp\/v2\/product\/31301"}],"collection":[{"href":"https:\/\/calvinus.ch\/en\/wp-json\/wp\/v2\/product"}],"about":[{"href":"https:\/\/calvinus.ch\/en\/wp-json\/wp\/v2\/types\/product"}],"wp:featuredmedia":[{"embeddable":true,"href":"https:\/\/calvinus.ch\/en\/wp-json\/wp\/v2\/media\/31375"}],"wp:attachment":[{"href":"https:\/\/calvinus.ch\/en\/wp-json\/wp\/v2\/media?parent=31301"}],"wp:term":[{"taxonomy":"product_cat","embeddable":true,"href":"https:\/\/calvinus.ch\/en\/wp-json\/wp\/v2\/product_cat?post=31301"},{"taxonomy":"product_tag","embeddable":true,"href":"https:\/\/calvinus.ch\/en\/wp-json\/wp\/v2\/product_tag?post=31301"}],"curies":[{"name":"wp","href":"https:\/\/api.w.org\/{rel}","templated":true}]}}