{"id":31302,"date":"2020-11-30T16:17:01","date_gmt":"2020-11-30T15:17:01","guid":{"rendered":"https:\/\/dev.calvinus.ch\/?post_type=product&#038;p=31302"},"modified":"2025-11-04T14:55:29","modified_gmt":"2025-11-04T13:55:29","slug":"biere-rousse","status":"publish","type":"product","link":"https:\/\/calvinus.ch\/en\/boutique-calvinus\/biere-rousse\/","title":{"rendered":"Bi\u00e8re Rousse 33cl"},"content":{"rendered":"","protected":false},"excerpt":{"rendered":"<p>Une bi\u00e8re de caract\u00e8re avec une teneur en alcool de 8% ronde en bouche, mais dont les notes d\u00e9licieusement fleuries de houblon lui donnent un go\u00fbt \u00e0 la fois ardent et d\u00e9licat.<\/p>\n","protected":false},"featured_media":36055,"template":"","meta":{"_et_pb_use_builder":"","_et_pb_old_content":"","_et_gb_content_width":"","spay_email":""},"product_cat":[48],"product_tag":[24],"_links":{"self":[{"href":"https:\/\/calvinus.ch\/en\/wp-json\/wp\/v2\/product\/31302"}],"collection":[{"href":"https:\/\/calvinus.ch\/en\/wp-json\/wp\/v2\/product"}],"about":[{"href":"https:\/\/calvinus.ch\/en\/wp-json\/wp\/v2\/types\/product"}],"wp:featuredmedia":[{"embeddable":true,"href":"https:\/\/calvinus.ch\/en\/wp-json\/wp\/v2\/media\/36055"}],"wp:attachment":[{"href":"https:\/\/calvinus.ch\/en\/wp-json\/wp\/v2\/media?parent=31302"}],"wp:term":[{"taxonomy":"product_cat","embeddable":true,"href":"https:\/\/calvinus.ch\/en\/wp-json\/wp\/v2\/product_cat?post=31302"},{"taxonomy":"product_tag","embeddable":true,"href":"https:\/\/calvinus.ch\/en\/wp-json\/wp\/v2\/product_tag?post=31302"}],"curies":[{"name":"wp","href":"https:\/\/api.w.org\/{rel}","templated":true}]}}