{"id":31304,"date":"2020-11-30T16:22:37","date_gmt":"2020-11-30T15:22:37","guid":{"rendered":"https:\/\/dev.calvinus.ch\/?post_type=product&#038;p=31304"},"modified":"2025-11-04T15:04:05","modified_gmt":"2025-11-04T14:04:05","slug":"biere-ambree","status":"publish","type":"product","link":"https:\/\/calvinus.ch\/en\/boutique-calvinus\/biere-ambree\/","title":{"rendered":"Bi\u00e8re Ambr\u00e9e 33cl"},"content":{"rendered":"","protected":false},"excerpt":{"rendered":"<p>Une bi\u00e8re de printemps aux reflets ambr\u00e9s 4.8%. Des notes discr\u00e8tes de houblon font d\u2019elle une bi\u00e8re plut\u00f4t douce et peu am\u00e8re, aux ar\u00f4mes de noisette.<\/p>\n","protected":false},"featured_media":36061,"template":"","meta":{"_et_pb_use_builder":"","_et_pb_old_content":"","_et_gb_content_width":"","spay_email":""},"product_cat":[48],"product_tag":[25],"_links":{"self":[{"href":"https:\/\/calvinus.ch\/en\/wp-json\/wp\/v2\/product\/31304"}],"collection":[{"href":"https:\/\/calvinus.ch\/en\/wp-json\/wp\/v2\/product"}],"about":[{"href":"https:\/\/calvinus.ch\/en\/wp-json\/wp\/v2\/types\/product"}],"wp:featuredmedia":[{"embeddable":true,"href":"https:\/\/calvinus.ch\/en\/wp-json\/wp\/v2\/media\/36061"}],"wp:attachment":[{"href":"https:\/\/calvinus.ch\/en\/wp-json\/wp\/v2\/media?parent=31304"}],"wp:term":[{"taxonomy":"product_cat","embeddable":true,"href":"https:\/\/calvinus.ch\/en\/wp-json\/wp\/v2\/product_cat?post=31304"},{"taxonomy":"product_tag","embeddable":true,"href":"https:\/\/calvinus.ch\/en\/wp-json\/wp\/v2\/product_tag?post=31304"}],"curies":[{"name":"wp","href":"https:\/\/api.w.org\/{rel}","templated":true}]}}