{"id":31306,"date":"2020-11-30T16:29:02","date_gmt":"2020-11-30T15:29:02","guid":{"rendered":"https:\/\/dev.calvinus.ch\/?post_type=product&#038;p=31306"},"modified":"2021-02-05T12:03:02","modified_gmt":"2021-02-05T11:03:02","slug":"biere-laustere-blonde","status":"publish","type":"product","link":"https:\/\/calvinus.ch\/en\/boutique-calvinus\/biere-laustere-blonde\/","title":{"rendered":"Six-pack L\u2019AUST\u00c8RE (6 x 50cl)"},"content":{"rendered":"","protected":false},"excerpt":{"rendered":"<p>Bi\u00e8re fra\u00eeche, elle se distingue par sa douceur et son fruit\u00e9 l\u00e9ger.<\/p>\n","protected":false},"featured_media":34708,"template":"","meta":{"_et_pb_use_builder":"","_et_pb_old_content":"","_et_gb_content_width":"","spay_email":""},"product_cat":[48],"product_tag":[27],"_links":{"self":[{"href":"https:\/\/calvinus.ch\/en\/wp-json\/wp\/v2\/product\/31306"}],"collection":[{"href":"https:\/\/calvinus.ch\/en\/wp-json\/wp\/v2\/product"}],"about":[{"href":"https:\/\/calvinus.ch\/en\/wp-json\/wp\/v2\/types\/product"}],"wp:featuredmedia":[{"embeddable":true,"href":"https:\/\/calvinus.ch\/en\/wp-json\/wp\/v2\/media\/34708"}],"wp:attachment":[{"href":"https:\/\/calvinus.ch\/en\/wp-json\/wp\/v2\/media?parent=31306"}],"wp:term":[{"taxonomy":"product_cat","embeddable":true,"href":"https:\/\/calvinus.ch\/en\/wp-json\/wp\/v2\/product_cat?post=31306"},{"taxonomy":"product_tag","embeddable":true,"href":"https:\/\/calvinus.ch\/en\/wp-json\/wp\/v2\/product_tag?post=31306"}],"curies":[{"name":"wp","href":"https:\/\/api.w.org\/{rel}","templated":true}]}}