{"id":31307,"date":"2020-11-30T16:35:26","date_gmt":"2020-11-30T15:35:26","guid":{"rendered":"https:\/\/dev.calvinus.ch\/?post_type=product&#038;p=31307"},"modified":"2025-02-27T10:09:26","modified_gmt":"2025-02-27T09:09:26","slug":"ipa-imperiale","status":"publish","type":"product","link":"https:\/\/calvinus.ch\/en\/boutique-calvinus\/ipa-imperiale\/","title":{"rendered":"IPA Imp\u00e9riale 75cl"},"content":{"rendered":"","protected":false},"excerpt":{"rendered":"<p>Notre Indian Pale Ale a une amertume profonde et ronde avec ses 5 houblons. Elle est fleurie et fra\u00eeche gr\u00e2ce \u00e0 l\u2019houblonnage \u00e0 sec. Cette \u00e9dition sp\u00e9ciale produite en un seul f\u00fbt la rend merveilleusement harmonieuse, forte, cors\u00e9e, incomparable !<\/p>\n","protected":false},"featured_media":31378,"template":"","meta":{"_et_pb_use_builder":"","_et_pb_old_content":"","_et_gb_content_width":"","spay_email":""},"product_cat":[48],"product_tag":[28],"_links":{"self":[{"href":"https:\/\/calvinus.ch\/en\/wp-json\/wp\/v2\/product\/31307"}],"collection":[{"href":"https:\/\/calvinus.ch\/en\/wp-json\/wp\/v2\/product"}],"about":[{"href":"https:\/\/calvinus.ch\/en\/wp-json\/wp\/v2\/types\/product"}],"wp:featuredmedia":[{"embeddable":true,"href":"https:\/\/calvinus.ch\/en\/wp-json\/wp\/v2\/media\/31378"}],"wp:attachment":[{"href":"https:\/\/calvinus.ch\/en\/wp-json\/wp\/v2\/media?parent=31307"}],"wp:term":[{"taxonomy":"product_cat","embeddable":true,"href":"https:\/\/calvinus.ch\/en\/wp-json\/wp\/v2\/product_cat?post=31307"},{"taxonomy":"product_tag","embeddable":true,"href":"https:\/\/calvinus.ch\/en\/wp-json\/wp\/v2\/product_tag?post=31307"}],"curies":[{"name":"wp","href":"https:\/\/api.w.org\/{rel}","templated":true}]}}