{"id":31459,"date":"2020-12-08T16:11:42","date_gmt":"2020-12-08T15:11:42","guid":{"rendered":"https:\/\/dev.calvinus.ch\/?post_type=product&#038;p=31459"},"modified":"2025-11-17T16:03:53","modified_gmt":"2025-11-17T15:03:53","slug":"plaque-metal","status":"publish","type":"product","link":"https:\/\/calvinus.ch\/en\/boutique-calvinus\/plaque-metal\/","title":{"rendered":"Plaque M\u00e9tal"},"content":{"rendered":"","protected":false},"excerpt":{"rendered":"<p>Plaque en m\u00e9tal blanc embouti, s\u00e9rigraphi\u00e9e et vernie.<\/p>\n<p>Dimensions: 30 x 40 cm<\/p>\n","protected":false},"featured_media":36168,"template":"","meta":{"_et_pb_use_builder":"","_et_pb_old_content":"","_et_gb_content_width":"","spay_email":""},"product_cat":[40],"product_tag":[42],"_links":{"self":[{"href":"https:\/\/calvinus.ch\/en\/wp-json\/wp\/v2\/product\/31459"}],"collection":[{"href":"https:\/\/calvinus.ch\/en\/wp-json\/wp\/v2\/product"}],"about":[{"href":"https:\/\/calvinus.ch\/en\/wp-json\/wp\/v2\/types\/product"}],"wp:featuredmedia":[{"embeddable":true,"href":"https:\/\/calvinus.ch\/en\/wp-json\/wp\/v2\/media\/36168"}],"wp:attachment":[{"href":"https:\/\/calvinus.ch\/en\/wp-json\/wp\/v2\/media?parent=31459"}],"wp:term":[{"taxonomy":"product_cat","embeddable":true,"href":"https:\/\/calvinus.ch\/en\/wp-json\/wp\/v2\/product_cat?post=31459"},{"taxonomy":"product_tag","embeddable":true,"href":"https:\/\/calvinus.ch\/en\/wp-json\/wp\/v2\/product_tag?post=31459"}],"curies":[{"name":"wp","href":"https:\/\/api.w.org\/{rel}","templated":true}]}}